{"id":2718,"date":"2023-02-16T13:31:30","date_gmt":"2023-02-16T12:31:30","guid":{"rendered":"https:\/\/studenterhuset.com\/movie-night\/"},"modified":"2024-06-20T15:19:59","modified_gmt":"2024-06-20T13:19:59","slug":"movie-night","status":"publish","type":"page","link":"https:\/\/studenterhuset.com\/en\/movie-night\/","title":{"rendered":"Movie Night"},"content":{"rendered":"<div class=\"wpb-content-wrapper\">[vc_row remove_bottom_col_margin=&#8221;true&#8221; wpex_shape_divider_top=&#8221;waves&#8221; css=&#8221;.vc_custom_1676458174784{padding-top: 60px !important;padding-right: 20px !important;padding-bottom: 20px !important;padding-left: 20px !important;background-color: #000000 !important;background-position: center !important;background-repeat: no-repeat !important;background-size: cover !important;}&#8221; wpex_shape_divider_top_color=&#8221;#ffffff&#8221; wpex_shape_divider_top_height=&#8221;40&#8243; wpex_shape_divider_top_width=&#8221;100&#8243;][vc_column width=&#8221;1\/3&#8243; css=&#8221;.vc_custom_1676299667510{border-radius: 5px !important;}&#8221;][vc_column_text]\n<h1>Movie Night<\/h1>\n[\/vc_column_text][\/vc_column][vc_column width=&#8221;1\/3&#8243;][\/vc_column][vc_column width=&#8221;1\/3&#8243;][\/vc_column][\/vc_row][vc_row full_width=&#8221;stretch_row_content_no_spaces&#8221; remove_bottom_col_margin=&#8221;true&#8221; css=&#8221;.vc_custom_1676305009239{background-color: #f9f9f9 !important;}&#8221;][vc_column width=&#8221;1\/2&#8243; css=&#8221;.vc_custom_1676550385564{padding-top: 40px !important;padding-right: 40px !important;padding-bottom: 40px !important;padding-left: 40px !important;}&#8221;][\/vc_column][vc_column width=&#8221;1\/2&#8243; css=&#8221;.vc_custom_1676397443024{background-color: #000000 !important;}&#8221;]<style>.vcex-image-grid.vcex_6a00e7482fe4a{--wpex-row-gap:0px;}<\/style><div class=\"vcex-image-grid-wrap\"><div class=\"vcex-module vcex-image-grid grid-style-masonry wpex-row wpex-clr vcex-isotope-grid no-transition wpex-overflow-hidden wpex-lightbox-group vcex_6a00e7482fe4a\" data-transition-duration=\"0.0\"><div class=\"id-2629 vcex-image-grid-entry vcex-grid-item vcex-isotope-entry wpex-text-center span_1_of_2 col col-1\"><figure class=\"vcex-image-grid-entry-figure wpex-last-mb-0 wpex-clr\"><div class=\"vcex-image-grid-entry-img entry-media wpex-relative wpex-mb-20\"><a href=\"https:\/\/studenterhuset.com\/wp-content\/uploads\/2023\/02\/251312166_10158789113778264_7398724574329561651_n.jpeg\" class=\"vcex-image-grid-entry-link wpex-lightbox-group-item\" ><img data-no-lazy=\"1\" class=\"wpex-align-middle skip-lazy\" src=\"https:\/\/studenterhuset.com\/wp-content\/uploads\/2023\/02\/251312166_10158789113778264_7398724574329561651_n-500x500.jpeg\" alt=\"\" srcset=\"https:\/\/studenterhuset.com\/wp-content\/uploads\/2023\/02\/251312166_10158789113778264_7398724574329561651_n-500x500.jpeg 500w, https:\/\/studenterhuset.com\/wp-content\/uploads\/2023\/02\/251312166_10158789113778264_7398724574329561651_n-150x150.jpeg 150w\" width=\"500\" height=\"500\"><\/a><\/div><\/figure><\/div><div class=\"id-3110 vcex-image-grid-entry vcex-grid-item vcex-isotope-entry wpex-text-center span_1_of_2 col col-2\"><figure class=\"vcex-image-grid-entry-figure wpex-last-mb-0 wpex-clr\"><div class=\"vcex-image-grid-entry-img entry-media wpex-relative wpex-mb-20\"><a href=\"https:\/\/studenterhuset.com\/wp-content\/uploads\/2023\/03\/Film-club.jpg\" class=\"vcex-image-grid-entry-link wpex-lightbox-group-item\" ><img data-no-lazy=\"1\" class=\"wpex-align-middle skip-lazy\" src=\"https:\/\/studenterhuset.com\/wp-content\/uploads\/2023\/03\/Film-club-500x500.jpg\" alt=\"\" srcset=\"https:\/\/studenterhuset.com\/wp-content\/uploads\/2023\/03\/Film-club-500x500.jpg 500w, https:\/\/studenterhuset.com\/wp-content\/uploads\/2023\/03\/Film-club-150x150.jpg 150w\" width=\"500\" height=\"500\"><\/a><\/div><\/figure><\/div><\/div><\/div>[\/vc_column][\/vc_row][vc_row remove_bottom_col_margin=&#8221;true&#8221; visibility=&#8221;hidden&#8221;][vc_column][vc_column_text visibility=&#8221;hidden&#8221;]\n<div class=\"x11i5rnm xat24cr x1mh8g0r x1vvkbs xdj266r\">\n<h2><strong>Elsker du en doven s\u00f8ndag med gode film og varme popcorn, eller elsker du bare film og tv-serier i det hele taget?\u00a0<\/strong><\/h2>\n<\/div>\n[\/vc_column_text][vc_column_text visibility=&#8221;hidden&#8221;]\n<div class=\"x11i5rnm xat24cr x1mh8g0r x1vvkbs xdj266r\">\n<p><strong>Og vil du v\u00e6re med til at give studerende mulighed for at kunne n\u00f8rde film sammen?<\/strong><\/p>\n<p>Som frivillig i filmklubben er du med til at l\u00e6gge program for semesteret, afvikle filmaftener og lave PR for vores filmaktiviteter. Du vil arbejde sammen med en fantastisk gruppe filmentusiaster, og du bliver tilmed en del af Studenterhusets samlede frivilliggruppe med alt hvad det indeb\u00e6rer af sociale aktiviteter, sjov og ballade.<\/p>\n<p>Der er altid plads til nye id\u00e9er i gruppen, b\u00e5de n\u00e5r vi planl\u00e6gger semesteret, men ogs\u00e5 undervejs, hvis nu man f\u00e5r lyst til at holde et mindre, mere spontant event. Det vigtigste er bare, at du har lyst til at bidrage med id\u00e9er, arbejdskraft og godt hum\u00f8r i arrang\u00f8rgruppen.<\/p>\n<p>For at blive frivillig i filmklubben skal du v\u00e6re studerende og kunne deltage i 3 aktiviteter pr. semester, men er selv med til at bestemme hvorn\u00e5r.<\/p>\n<p>Som frivillig p\u00e5 Studenterhuset f\u00e5r du en r\u00e6kke fordele, som gratis kaffe, s\u00e6rlig rabat i baren og gratis adgang til alle Studenterhusets koncerter.<\/p>\n<\/div>\n[\/vc_column_text]<a href=\"https:\/\/docs.google.com\/forms\/d\/e\/1FAIpQLScsiB0aWnqCLBA_wvRGkpwJbdyED7j9vhWeL_lIsdtpxRFkBw\/viewform\" class=\"vcex-button theme-button inline hidden\" target=\"_blank\" rel=\"noopener noreferrer\"><span class=\"vcex-button-inner theme-button-inner wpex-flex wpex-flex-wrap wpex-items-center wpex-justify-center\">BLIV FRIVILLIG I AKTIVITETSGRUPPEN<\/span><\/a> [\/vc_column][\/vc_row][vc_row remove_bottom_col_margin=&#8221;true&#8221; visibility=&#8221;hidden&#8221; el_id=&#8221;EN&#8221;][vc_column][vc_column_text]\n<div class=\"x11i5rnm xat24cr x1mh8g0r x1vvkbs xdj266r\">\n<p><strong>Are you a fan of spending lazy Sundays watching awesome movies and eating hot popcorn, or do you simply just love films and binge-watching TV-shows?<\/strong><br \/>\n<strong>No matter what you\u2019re into, if you\u2019re a movie buff, there\u2019s a spot for you in our volunteer-run Film Club.<\/strong><\/p>\n<p>As a volunteer in the Film Club, you will participate in planning the program for the semester, write promotion texts and execute Film Club events. You will be part of a group of amazing fellow film-enthusiasts, as well as a part of Studenterhuset\u2019s big volunteer group, which ensures heaps of fun, volunteer advantages, social events, and new friends.<\/p>\n<p>There is always room for new ideas in the Film Club, not only when planning the general program for the semester, but also during the semester, if you suddenly have an idea for a more spontaneous, smaller or niche event. What\u2019s important is that you wish to contribute with ideas, are prepared to do your part, and want to share your enthusiasm for films with others.<\/p>\n<\/div>\n[\/vc_column_text][\/vc_column][\/vc_row]\n<\/div>","protected":false},"excerpt":{"rendered":"<p>[vc_row remove_bottom_col_margin=&#8221;true&#8221; wpex_shape_divider_top=&#8221;waves&#8221; css=&#8221;.vc_custom_1676458174784{padding-top: 60px !important;padding-right: 20px !important;padding-bottom: 20px !important;padding-left: 20px !important;background-color: #000000 !important;background-position: center !important;background-repeat: no-repeat !important;background-size: cover !important;}&#8221; wpex_shape_divider_top_color=&#8221;#ffffff&#8221; wpex_shape_divider_top_height=&#8221;40&#8243; wpex_shape_divider_top_width=&#8221;100&#8243;][vc_column width=&#8221;1\/3&#8243; css=&#8221;.vc_custom_1676299667510{border-radius: 5px !important;}&#8221;][vc_column_text] Movie Night [\/vc_column_text][\/vc_column][vc_column width=&#8221;1\/3&#8243;][\/vc_column][vc_column width=&#8221;1\/3&#8243;][\/vc_column][\/vc_row][vc_row full_width=&#8221;stretch_row_content_no_spaces&#8221; remove_bottom_col_margin=&#8221;true&#8221; css=&#8221;.vc_custom_1676305009239{background-color: #f9f9f9 !important;}&#8221;][vc_column width=&#8221;1\/2&#8243; css=&#8221;.vc_custom_1676550385564{padding-top: 40px !important;padding-right: 40px !important;padding-bottom: 40px !important;padding-left: 40px !important;}&#8221;][\/vc_column][vc_column width=&#8221;1\/2&#8243; css=&#8221;.vc_custom_1676397443024{background-color: #000000 !important;}&#8221;][\/vc_column][\/vc_row][vc_row remove_bottom_col_margin=&#8221;true&#8221; visibility=&#8221;hidden&#8221;][vc_column][vc_column_text visibility=&#8221;hidden&#8221;] Elsker&hellip;<\/p>\n","protected":false},"author":1,"featured_media":2629,"parent":0,"menu_order":0,"comment_status":"closed","ping_status":"closed","template":"","meta":{"_monsterinsights_skip_tracking":false,"_monsterinsights_sitenote_active":false,"_monsterinsights_sitenote_note":"","_monsterinsights_sitenote_category":0,"footnotes":""},"class_list":["post-2718","page","type-page","status-publish","has-post-thumbnail","hentry","entry","no-media"],"yoast_head":"<!-- This site is optimized with the Yoast SEO plugin v27.5 - https:\/\/yoast.com\/product\/yoast-seo-wordpress\/ -->\n<title>Movie Night - Studenterhuset<\/title>\n<meta name=\"robots\" content=\"index, follow, max-snippet:-1, max-image-preview:large, max-video-preview:-1\" \/>\n<link rel=\"canonical\" href=\"https:\/\/studenterhuset.com\/en\/movie-night\/\" \/>\n<meta property=\"og:locale\" content=\"en_US\" \/>\n<meta property=\"og:type\" content=\"article\" \/>\n<meta property=\"og:title\" content=\"Movie Night - Studenterhuset\" \/>\n<meta property=\"og:description\" content=\"[vc_row remove_bottom_col_margin=&#8221;true&#8221; wpex_shape_divider_top=&#8221;waves&#8221; css=&#8221;.vc_custom_1676458174784{padding-top: 60px !important;padding-right: 20px !important;padding-bottom: 20px !important;padding-left: 20px !important;background-color: #000000 !important;background-position: center !important;background-repeat: no-repeat !important;background-size: cover !important;}&#8221; wpex_shape_divider_top_color=&#8221;#ffffff&#8221; wpex_shape_divider_top_height=&#8221;40&#8243; wpex_shape_divider_top_width=&#8221;100&#8243;][vc_column width=&#8221;1\/3&#8243; css=&#8221;.vc_custom_1676299667510{border-radius: 5px !important;}&#8221;][vc_column_text] Movie Night [\/vc_column_text][\/vc_column][vc_column width=&#8221;1\/3&#8243;][\/vc_column][vc_column width=&#8221;1\/3&#8243;][\/vc_column][\/vc_row][vc_row full_width=&#8221;stretch_row_content_no_spaces&#8221; remove_bottom_col_margin=&#8221;true&#8221; css=&#8221;.vc_custom_1676305009239{background-color: #f9f9f9 !important;}&#8221;][vc_column width=&#8221;1\/2&#8243; css=&#8221;.vc_custom_1676550385564{padding-top: 40px !important;padding-right: 40px !important;padding-bottom: 40px !important;padding-left: 40px !important;}&#8221;][\/vc_column][vc_column width=&#8221;1\/2&#8243; css=&#8221;.vc_custom_1676397443024{background-color: #000000 !important;}&#8221;][\/vc_column][\/vc_row][vc_row remove_bottom_col_margin=&#8221;true&#8221; visibility=&#8221;hidden&#8221;][vc_column][vc_column_text visibility=&#8221;hidden&#8221;] Elsker&hellip;\" \/>\n<meta property=\"og:url\" content=\"https:\/\/studenterhuset.com\/en\/movie-night\/\" \/>\n<meta property=\"og:site_name\" content=\"Studenterhuset\" \/>\n<meta property=\"article:modified_time\" content=\"2024-06-20T13:19:59+00:00\" \/>\n<meta property=\"og:image\" content=\"https:\/\/studenterhuset.com\/wp-content\/uploads\/2023\/02\/251312166_10158789113778264_7398724574329561651_n.jpeg\" \/>\n\t<meta property=\"og:image:width\" content=\"1440\" \/>\n\t<meta property=\"og:image:height\" content=\"1801\" \/>\n\t<meta property=\"og:image:type\" content=\"image\/jpeg\" \/>\n<meta name=\"twitter:card\" content=\"summary_large_image\" \/>\n<meta name=\"twitter:label1\" content=\"Est. reading time\" \/>\n\t<meta name=\"twitter:data1\" content=\"3 minutes\" \/>\n<script type=\"application\/ld+json\" class=\"yoast-schema-graph\">{\"@context\":\"https:\\\/\\\/schema.org\",\"@graph\":[{\"@type\":\"WebPage\",\"@id\":\"https:\\\/\\\/studenterhuset.com\\\/en\\\/movie-night\\\/\",\"url\":\"https:\\\/\\\/studenterhuset.com\\\/en\\\/movie-night\\\/\",\"name\":\"Movie Night - Studenterhuset\",\"isPartOf\":{\"@id\":\"https:\\\/\\\/studenterhuset.com\\\/#website\"},\"primaryImageOfPage\":{\"@id\":\"https:\\\/\\\/studenterhuset.com\\\/en\\\/movie-night\\\/#primaryimage\"},\"image\":{\"@id\":\"https:\\\/\\\/studenterhuset.com\\\/en\\\/movie-night\\\/#primaryimage\"},\"thumbnailUrl\":\"https:\\\/\\\/studenterhuset.com\\\/wp-content\\\/uploads\\\/2023\\\/02\\\/251312166_10158789113778264_7398724574329561651_n.jpeg\",\"datePublished\":\"2023-02-16T12:31:30+00:00\",\"dateModified\":\"2024-06-20T13:19:59+00:00\",\"breadcrumb\":{\"@id\":\"https:\\\/\\\/studenterhuset.com\\\/en\\\/movie-night\\\/#breadcrumb\"},\"inLanguage\":\"en-US\",\"potentialAction\":[{\"@type\":\"ReadAction\",\"target\":[\"https:\\\/\\\/studenterhuset.com\\\/en\\\/movie-night\\\/\"]}]},{\"@type\":\"ImageObject\",\"inLanguage\":\"en-US\",\"@id\":\"https:\\\/\\\/studenterhuset.com\\\/en\\\/movie-night\\\/#primaryimage\",\"url\":\"https:\\\/\\\/studenterhuset.com\\\/wp-content\\\/uploads\\\/2023\\\/02\\\/251312166_10158789113778264_7398724574329561651_n.jpeg\",\"contentUrl\":\"https:\\\/\\\/studenterhuset.com\\\/wp-content\\\/uploads\\\/2023\\\/02\\\/251312166_10158789113778264_7398724574329561651_n.jpeg\",\"width\":1440,\"height\":1801},{\"@type\":\"BreadcrumbList\",\"@id\":\"https:\\\/\\\/studenterhuset.com\\\/en\\\/movie-night\\\/#breadcrumb\",\"itemListElement\":[{\"@type\":\"ListItem\",\"position\":1,\"name\":\"Hjem\",\"item\":\"https:\\\/\\\/studenterhuset.com\\\/en\\\/\"},{\"@type\":\"ListItem\",\"position\":2,\"name\":\"Movie Night\"}]},{\"@type\":\"WebSite\",\"@id\":\"https:\\\/\\\/studenterhuset.com\\\/#website\",\"url\":\"https:\\\/\\\/studenterhuset.com\\\/\",\"name\":\"Studenterhuset\",\"description\":\"Dit samlingssted for studerende i Kbh\",\"publisher\":{\"@id\":\"https:\\\/\\\/studenterhuset.com\\\/#organization\"},\"potentialAction\":[{\"@type\":\"SearchAction\",\"target\":{\"@type\":\"EntryPoint\",\"urlTemplate\":\"https:\\\/\\\/studenterhuset.com\\\/?s={search_term_string}\"},\"query-input\":{\"@type\":\"PropertyValueSpecification\",\"valueRequired\":true,\"valueName\":\"search_term_string\"}}],\"inLanguage\":\"en-US\"},{\"@type\":\"Organization\",\"@id\":\"https:\\\/\\\/studenterhuset.com\\\/#organization\",\"name\":\"Studenterhuset\",\"url\":\"https:\\\/\\\/studenterhuset.com\\\/\",\"logo\":{\"@type\":\"ImageObject\",\"inLanguage\":\"en-US\",\"@id\":\"https:\\\/\\\/studenterhuset.com\\\/#\\\/schema\\\/logo\\\/image\\\/\",\"url\":\"https:\\\/\\\/studenterhuset.com\\\/wp-content\\\/uploads\\\/2025\\\/11\\\/SH-lille-byStudents-scaled.png\",\"contentUrl\":\"https:\\\/\\\/studenterhuset.com\\\/wp-content\\\/uploads\\\/2025\\\/11\\\/SH-lille-byStudents-scaled.png\",\"width\":2560,\"height\":578,\"caption\":\"Studenterhuset\"},\"image\":{\"@id\":\"https:\\\/\\\/studenterhuset.com\\\/#\\\/schema\\\/logo\\\/image\\\/\"}}]}<\/script>\n<!-- \/ Yoast SEO plugin. -->","yoast_head_json":{"title":"Movie Night - Studenterhuset","robots":{"index":"index","follow":"follow","max-snippet":"max-snippet:-1","max-image-preview":"max-image-preview:large","max-video-preview":"max-video-preview:-1"},"canonical":"https:\/\/studenterhuset.com\/en\/movie-night\/","og_locale":"en_US","og_type":"article","og_title":"Movie Night - Studenterhuset","og_description":"[vc_row remove_bottom_col_margin=&#8221;true&#8221; wpex_shape_divider_top=&#8221;waves&#8221; css=&#8221;.vc_custom_1676458174784{padding-top: 60px !important;padding-right: 20px !important;padding-bottom: 20px !important;padding-left: 20px !important;background-color: #000000 !important;background-position: center !important;background-repeat: no-repeat !important;background-size: cover !important;}&#8221; wpex_shape_divider_top_color=&#8221;#ffffff&#8221; wpex_shape_divider_top_height=&#8221;40&#8243; wpex_shape_divider_top_width=&#8221;100&#8243;][vc_column width=&#8221;1\/3&#8243; css=&#8221;.vc_custom_1676299667510{border-radius: 5px !important;}&#8221;][vc_column_text] Movie Night [\/vc_column_text][\/vc_column][vc_column width=&#8221;1\/3&#8243;][\/vc_column][vc_column width=&#8221;1\/3&#8243;][\/vc_column][\/vc_row][vc_row full_width=&#8221;stretch_row_content_no_spaces&#8221; remove_bottom_col_margin=&#8221;true&#8221; css=&#8221;.vc_custom_1676305009239{background-color: #f9f9f9 !important;}&#8221;][vc_column width=&#8221;1\/2&#8243; css=&#8221;.vc_custom_1676550385564{padding-top: 40px !important;padding-right: 40px !important;padding-bottom: 40px !important;padding-left: 40px !important;}&#8221;][\/vc_column][vc_column width=&#8221;1\/2&#8243; css=&#8221;.vc_custom_1676397443024{background-color: #000000 !important;}&#8221;][\/vc_column][\/vc_row][vc_row remove_bottom_col_margin=&#8221;true&#8221; visibility=&#8221;hidden&#8221;][vc_column][vc_column_text visibility=&#8221;hidden&#8221;] Elsker&hellip;","og_url":"https:\/\/studenterhuset.com\/en\/movie-night\/","og_site_name":"Studenterhuset","article_modified_time":"2024-06-20T13:19:59+00:00","og_image":[{"width":1440,"height":1801,"url":"https:\/\/studenterhuset.com\/wp-content\/uploads\/2023\/02\/251312166_10158789113778264_7398724574329561651_n.jpeg","type":"image\/jpeg"}],"twitter_card":"summary_large_image","twitter_misc":{"Est. reading time":"3 minutes"},"schema":{"@context":"https:\/\/schema.org","@graph":[{"@type":"WebPage","@id":"https:\/\/studenterhuset.com\/en\/movie-night\/","url":"https:\/\/studenterhuset.com\/en\/movie-night\/","name":"Movie Night - Studenterhuset","isPartOf":{"@id":"https:\/\/studenterhuset.com\/#website"},"primaryImageOfPage":{"@id":"https:\/\/studenterhuset.com\/en\/movie-night\/#primaryimage"},"image":{"@id":"https:\/\/studenterhuset.com\/en\/movie-night\/#primaryimage"},"thumbnailUrl":"https:\/\/studenterhuset.com\/wp-content\/uploads\/2023\/02\/251312166_10158789113778264_7398724574329561651_n.jpeg","datePublished":"2023-02-16T12:31:30+00:00","dateModified":"2024-06-20T13:19:59+00:00","breadcrumb":{"@id":"https:\/\/studenterhuset.com\/en\/movie-night\/#breadcrumb"},"inLanguage":"en-US","potentialAction":[{"@type":"ReadAction","target":["https:\/\/studenterhuset.com\/en\/movie-night\/"]}]},{"@type":"ImageObject","inLanguage":"en-US","@id":"https:\/\/studenterhuset.com\/en\/movie-night\/#primaryimage","url":"https:\/\/studenterhuset.com\/wp-content\/uploads\/2023\/02\/251312166_10158789113778264_7398724574329561651_n.jpeg","contentUrl":"https:\/\/studenterhuset.com\/wp-content\/uploads\/2023\/02\/251312166_10158789113778264_7398724574329561651_n.jpeg","width":1440,"height":1801},{"@type":"BreadcrumbList","@id":"https:\/\/studenterhuset.com\/en\/movie-night\/#breadcrumb","itemListElement":[{"@type":"ListItem","position":1,"name":"Hjem","item":"https:\/\/studenterhuset.com\/en\/"},{"@type":"ListItem","position":2,"name":"Movie Night"}]},{"@type":"WebSite","@id":"https:\/\/studenterhuset.com\/#website","url":"https:\/\/studenterhuset.com\/","name":"Studenterhuset","description":"Dit samlingssted for studerende i Kbh","publisher":{"@id":"https:\/\/studenterhuset.com\/#organization"},"potentialAction":[{"@type":"SearchAction","target":{"@type":"EntryPoint","urlTemplate":"https:\/\/studenterhuset.com\/?s={search_term_string}"},"query-input":{"@type":"PropertyValueSpecification","valueRequired":true,"valueName":"search_term_string"}}],"inLanguage":"en-US"},{"@type":"Organization","@id":"https:\/\/studenterhuset.com\/#organization","name":"Studenterhuset","url":"https:\/\/studenterhuset.com\/","logo":{"@type":"ImageObject","inLanguage":"en-US","@id":"https:\/\/studenterhuset.com\/#\/schema\/logo\/image\/","url":"https:\/\/studenterhuset.com\/wp-content\/uploads\/2025\/11\/SH-lille-byStudents-scaled.png","contentUrl":"https:\/\/studenterhuset.com\/wp-content\/uploads\/2025\/11\/SH-lille-byStudents-scaled.png","width":2560,"height":578,"caption":"Studenterhuset"},"image":{"@id":"https:\/\/studenterhuset.com\/#\/schema\/logo\/image\/"}}]}},"_links":{"self":[{"href":"https:\/\/studenterhuset.com\/en\/wp-json\/wp\/v2\/pages\/2718","targetHints":{"allow":["GET"]}}],"collection":[{"href":"https:\/\/studenterhuset.com\/en\/wp-json\/wp\/v2\/pages"}],"about":[{"href":"https:\/\/studenterhuset.com\/en\/wp-json\/wp\/v2\/types\/page"}],"author":[{"embeddable":true,"href":"https:\/\/studenterhuset.com\/en\/wp-json\/wp\/v2\/users\/1"}],"replies":[{"embeddable":true,"href":"https:\/\/studenterhuset.com\/en\/wp-json\/wp\/v2\/comments?post=2718"}],"version-history":[{"count":4,"href":"https:\/\/studenterhuset.com\/en\/wp-json\/wp\/v2\/pages\/2718\/revisions"}],"predecessor-version":[{"id":5884,"href":"https:\/\/studenterhuset.com\/en\/wp-json\/wp\/v2\/pages\/2718\/revisions\/5884"}],"wp:featuredmedia":[{"embeddable":true,"href":"https:\/\/studenterhuset.com\/en\/wp-json\/wp\/v2\/media\/2629"}],"wp:attachment":[{"href":"https:\/\/studenterhuset.com\/en\/wp-json\/wp\/v2\/media?parent=2718"}],"curies":[{"name":"wp","href":"https:\/\/api.w.org\/{rel}","templated":true}]}}